{"id":3706,"date":"2023-09-11T20:00:50","date_gmt":"2023-09-12T00:00:50","guid":{"rendered":"https:\/\/fragio6.dreamhosters.com\/advertising-sales\/"},"modified":"2024-06-17T16:47:03","modified_gmt":"2024-06-17T20:47:03","slug":"ventes-publicitaires","status":"publish","type":"page","link":"https:\/\/fragio6.dreamhosters.com\/fr\/ventes-publicitaires\/","title":{"rendered":"Ventes publicitaires"},"content":{"rendered":"<p>test<\/p>\n","protected":false},"excerpt":{"rendered":"<p>test<\/p>\n","protected":false},"author":2,"featured_media":0,"parent":0,"menu_order":0,"comment_status":"closed","ping_status":"closed","template":"page-templates\/page-blocks.php","meta":{"_acf_changed":false,"footnotes":""},"class_list":["post-3706","page","type-page","status-publish","hentry"],"acf":[],"yoast_head":"<!-- This site is optimized with the Yoast SEO Premium plugin v22.8 (Yoast SEO v22.8) - https:\/\/yoast.com\/wordpress\/plugins\/seo\/ -->\n<title>Advertising sales - Ventes publicitaires<\/title>\n<meta name=\"description\" content=\"Le vaste r\u00e9seau de Stingray pour la publicit\u00e9 audio en magasin et plus de 100 stations de radio locales permettent aux marques d&#039;int\u00e9grer leur message dans la vie quotidienne de millions de consommateurs et d&#039;auditeurs \u00e0 travers l&#039;Am\u00e9rique du Nord.\" \/>\n<meta name=\"robots\" content=\"noindex, follow, max-snippet:-1, max-image-preview:large, max-video-preview:-1\" \/>\n<meta property=\"og:locale\" content=\"fr_CA\" \/>\n<meta property=\"og:type\" content=\"article\" \/>\n<meta property=\"og:title\" content=\"Ventes publicitaires\" \/>\n<meta property=\"og:description\" content=\"Connect with millions of consumers anytime, anywhere with our advertising solutions\" \/>\n<meta property=\"og:url\" content=\"https:\/\/fragio6.dreamhosters.com\/fr\/ventes-publicitaires\/\" \/>\n<meta property=\"og:site_name\" content=\"Stingray\" \/>\n<meta property=\"article:modified_time\" content=\"2024-06-17T20:47:03+00:00\" \/>\n<meta property=\"og:image\" content=\"https:\/\/fragio6.dreamhosters.com\/wp-content\/uploads\/2024\/03\/social-sharing-stingray.jpg\" \/>\n\t<meta property=\"og:image:width\" content=\"920\" \/>\n\t<meta property=\"og:image:height\" content=\"520\" \/>\n\t<meta property=\"og:image:type\" content=\"image\/jpeg\" \/>\n<meta name=\"twitter:card\" content=\"summary_large_image\" \/>\n<meta name=\"twitter:description\" content=\"Connect with millions of consumers anytime, anywhere with our advertising solutions\" \/>\n<meta name=\"twitter:image\" content=\"https:\/\/fragio6.dreamhosters.com\/wp-content\/uploads\/2024\/03\/social-sharing-stingray.jpg\" \/>\n<meta name=\"twitter:label1\" content=\"Estimation du temps de lecture\" \/>\n\t<meta name=\"twitter:data1\" content=\"1 minute\" \/>\n<script type=\"application\/ld+json\" class=\"yoast-schema-graph\">{\"@context\":\"https:\/\/schema.org\",\"@graph\":[{\"@type\":\"WebPage\",\"@id\":\"https:\/\/fragio6.dreamhosters.com\/fr\/ventes-publicitaires\/\",\"url\":\"https:\/\/fragio6.dreamhosters.com\/fr\/ventes-publicitaires\/\",\"name\":\"Advertising sales - Ventes publicitaires\",\"isPartOf\":{\"@id\":\"https:\/\/fragio6.dreamhosters.com\/#website\"},\"datePublished\":\"2023-09-12T00:00:50+00:00\",\"dateModified\":\"2024-06-17T20:47:03+00:00\",\"description\":\"Le vaste r\u00e9seau de Stingray pour la publicit\u00e9 audio en magasin et plus de 100 stations de radio locales permettent aux marques d'int\u00e9grer leur message dans la vie quotidienne de millions de consommateurs et d'auditeurs \u00e0 travers l'Am\u00e9rique du Nord.\",\"breadcrumb\":{\"@id\":\"https:\/\/fragio6.dreamhosters.com\/fr\/ventes-publicitaires\/#breadcrumb\"},\"inLanguage\":\"fr-CA\",\"potentialAction\":[{\"@type\":\"ReadAction\",\"target\":[\"https:\/\/fragio6.dreamhosters.com\/fr\/ventes-publicitaires\/\"]}]},{\"@type\":\"BreadcrumbList\",\"@id\":\"https:\/\/fragio6.dreamhosters.com\/fr\/ventes-publicitaires\/#breadcrumb\",\"itemListElement\":[{\"@type\":\"ListItem\",\"position\":1,\"name\":\"Home\",\"item\":\"https:\/\/fragio6.dreamhosters.com\/fr\/\"},{\"@type\":\"ListItem\",\"position\":2,\"name\":\"Ventes publicitaires\"}]},{\"@type\":\"WebSite\",\"@id\":\"https:\/\/fragio6.dreamhosters.com\/#website\",\"url\":\"https:\/\/fragio6.dreamhosters.com\/\",\"name\":\"Stingray\",\"description\":\"We\u2019re not just in the game, we\u2019re changing it.\",\"potentialAction\":[{\"@type\":\"SearchAction\",\"target\":{\"@type\":\"EntryPoint\",\"urlTemplate\":\"https:\/\/fragio6.dreamhosters.com\/?s={search_term_string}\"},\"query-input\":\"required name=search_term_string\"}],\"inLanguage\":\"fr-CA\"}]}<\/script>\n<!-- \/ Yoast SEO Premium plugin. -->","yoast_head_json":{"title":"Advertising sales - Ventes publicitaires","description":"Le vaste r\u00e9seau de Stingray pour la publicit\u00e9 audio en magasin et plus de 100 stations de radio locales permettent aux marques d'int\u00e9grer leur message dans la vie quotidienne de millions de consommateurs et d'auditeurs \u00e0 travers l'Am\u00e9rique du Nord.","robots":{"index":"noindex","follow":"follow","max-snippet":"max-snippet:-1","max-image-preview":"max-image-preview:large","max-video-preview":"max-video-preview:-1"},"og_locale":"fr_CA","og_type":"article","og_title":"Ventes publicitaires","og_description":"Connect with millions of consumers anytime, anywhere with our advertising solutions","og_url":"https:\/\/fragio6.dreamhosters.com\/fr\/ventes-publicitaires\/","og_site_name":"Stingray","article_modified_time":"2024-06-17T20:47:03+00:00","og_image":[{"width":920,"height":520,"url":"https:\/\/fragio6.dreamhosters.com\/wp-content\/uploads\/2024\/03\/social-sharing-stingray.jpg","type":"image\/jpeg"}],"twitter_card":"summary_large_image","twitter_description":"Connect with millions of consumers anytime, anywhere with our advertising solutions","twitter_image":"https:\/\/fragio6.dreamhosters.com\/wp-content\/uploads\/2024\/03\/social-sharing-stingray.jpg","twitter_misc":{"Estimation du temps de lecture":"1 minute"},"schema":{"@context":"https:\/\/schema.org","@graph":[{"@type":"WebPage","@id":"https:\/\/fragio6.dreamhosters.com\/fr\/ventes-publicitaires\/","url":"https:\/\/fragio6.dreamhosters.com\/fr\/ventes-publicitaires\/","name":"Advertising sales - Ventes publicitaires","isPartOf":{"@id":"https:\/\/fragio6.dreamhosters.com\/#website"},"datePublished":"2023-09-12T00:00:50+00:00","dateModified":"2024-06-17T20:47:03+00:00","description":"Le vaste r\u00e9seau de Stingray pour la publicit\u00e9 audio en magasin et plus de 100 stations de radio locales permettent aux marques d'int\u00e9grer leur message dans la vie quotidienne de millions de consommateurs et d'auditeurs \u00e0 travers l'Am\u00e9rique du Nord.","breadcrumb":{"@id":"https:\/\/fragio6.dreamhosters.com\/fr\/ventes-publicitaires\/#breadcrumb"},"inLanguage":"fr-CA","potentialAction":[{"@type":"ReadAction","target":["https:\/\/fragio6.dreamhosters.com\/fr\/ventes-publicitaires\/"]}]},{"@type":"BreadcrumbList","@id":"https:\/\/fragio6.dreamhosters.com\/fr\/ventes-publicitaires\/#breadcrumb","itemListElement":[{"@type":"ListItem","position":1,"name":"Home","item":"https:\/\/fragio6.dreamhosters.com\/fr\/"},{"@type":"ListItem","position":2,"name":"Ventes publicitaires"}]},{"@type":"WebSite","@id":"https:\/\/fragio6.dreamhosters.com\/#website","url":"https:\/\/fragio6.dreamhosters.com\/","name":"Stingray","description":"We\u2019re not just in the game, we\u2019re changing it.","potentialAction":[{"@type":"SearchAction","target":{"@type":"EntryPoint","urlTemplate":"https:\/\/fragio6.dreamhosters.com\/?s={search_term_string}"},"query-input":"required name=search_term_string"}],"inLanguage":"fr-CA"}]}},"_links":{"self":[{"href":"https:\/\/fragio6.dreamhosters.com\/fr\/wp-json\/wp\/v2\/pages\/3706","targetHints":{"allow":["GET"]}}],"collection":[{"href":"https:\/\/fragio6.dreamhosters.com\/fr\/wp-json\/wp\/v2\/pages"}],"about":[{"href":"https:\/\/fragio6.dreamhosters.com\/fr\/wp-json\/wp\/v2\/types\/page"}],"author":[{"embeddable":true,"href":"https:\/\/fragio6.dreamhosters.com\/fr\/wp-json\/wp\/v2\/users\/2"}],"replies":[{"embeddable":true,"href":"https:\/\/fragio6.dreamhosters.com\/fr\/wp-json\/wp\/v2\/comments?post=3706"}],"version-history":[{"count":2,"href":"https:\/\/fragio6.dreamhosters.com\/fr\/wp-json\/wp\/v2\/pages\/3706\/revisions"}],"predecessor-version":[{"id":4181,"href":"https:\/\/fragio6.dreamhosters.com\/fr\/wp-json\/wp\/v2\/pages\/3706\/revisions\/4181"}],"wp:attachment":[{"href":"https:\/\/fragio6.dreamhosters.com\/fr\/wp-json\/wp\/v2\/media?parent=3706"}],"curies":[{"name":"wp","href":"https:\/\/api.w.org\/{rel}","templated":true}]}}