{"id":3708,"date":"2023-10-02T11:38:46","date_gmt":"2023-10-02T15:38:46","guid":{"rendered":"https:\/\/fragio6.dreamhosters.com\/consumer\/"},"modified":"2024-06-17T16:18:40","modified_gmt":"2024-06-17T20:18:40","slug":"consommateurs","status":"publish","type":"page","link":"https:\/\/fragio6.dreamhosters.com\/fr\/consommateurs\/","title":{"rendered":"Consommateurs"},"content":{"rendered":"","protected":false},"excerpt":{"rendered":"","protected":false},"author":2,"featured_media":0,"parent":0,"menu_order":0,"comment_status":"closed","ping_status":"closed","template":"page-templates\/page-blocks-consumers.php","meta":{"_acf_changed":false,"footnotes":""},"class_list":["post-3708","page","type-page","status-publish","hentry"],"acf":[],"yoast_head":"<!-- This site is optimized with the Yoast SEO Premium plugin v22.8 (Yoast SEO v22.8) - https:\/\/yoast.com\/wordpress\/plugins\/seo\/ -->\n<title>Les produits Stingray - Streaming de musique, karaok\u00e9 et concerts<\/title>\n<meta name=\"description\" content=\"D\u00e9couvrez la captivante biblioth\u00e8que de musique et de contenu vid\u00e9o en streaming de Stingray. De quoi ravir les go\u00fbts les plus vari\u00e9s.\" \/>\n<meta name=\"robots\" content=\"noindex, follow, max-snippet:-1, max-image-preview:large, max-video-preview:-1\" \/>\n<meta property=\"og:locale\" content=\"fr_CA\" \/>\n<meta property=\"og:type\" content=\"article\" \/>\n<meta property=\"og:title\" content=\"Consommateurs\" \/>\n<meta property=\"og:description\" content=\"Watch, listen, sing, and learn: enjoy our craveable catalog of music and video streaming products.\" \/>\n<meta property=\"og:url\" content=\"https:\/\/fragio6.dreamhosters.com\/fr\/consommateurs\/\" \/>\n<meta property=\"og:site_name\" content=\"Stingray\" \/>\n<meta property=\"article:modified_time\" content=\"2024-06-17T20:18:40+00:00\" \/>\n<meta property=\"og:image\" content=\"https:\/\/fragio6.dreamhosters.com\/wp-content\/uploads\/2024\/03\/social-sharing-stingray.jpg\" \/>\n\t<meta property=\"og:image:width\" content=\"920\" \/>\n\t<meta property=\"og:image:height\" content=\"520\" \/>\n\t<meta property=\"og:image:type\" content=\"image\/jpeg\" \/>\n<meta name=\"twitter:card\" content=\"summary_large_image\" \/>\n<meta name=\"twitter:description\" content=\"Watch, listen, sing, and learn: enjoy our craveable catalog of music and video streaming products.\" \/>\n<meta name=\"twitter:image\" content=\"https:\/\/fragio6.dreamhosters.com\/wp-content\/uploads\/2024\/03\/social-sharing-stingray.jpg\" \/>\n<script type=\"application\/ld+json\" class=\"yoast-schema-graph\">{\"@context\":\"https:\/\/schema.org\",\"@graph\":[{\"@type\":\"WebPage\",\"@id\":\"https:\/\/fragio6.dreamhosters.com\/fr\/consommateurs\/\",\"url\":\"https:\/\/fragio6.dreamhosters.com\/fr\/consommateurs\/\",\"name\":\"Les produits Stingray - Streaming de musique, karaok\u00e9 et concerts\",\"isPartOf\":{\"@id\":\"https:\/\/fragio6.dreamhosters.com\/#website\"},\"datePublished\":\"2023-10-02T15:38:46+00:00\",\"dateModified\":\"2024-06-17T20:18:40+00:00\",\"description\":\"D\u00e9couvrez la captivante biblioth\u00e8que de musique et de contenu vid\u00e9o en streaming de Stingray. De quoi ravir les go\u00fbts les plus vari\u00e9s.\",\"breadcrumb\":{\"@id\":\"https:\/\/fragio6.dreamhosters.com\/fr\/consommateurs\/#breadcrumb\"},\"inLanguage\":\"fr-CA\",\"potentialAction\":[{\"@type\":\"ReadAction\",\"target\":[\"https:\/\/fragio6.dreamhosters.com\/fr\/consommateurs\/\"]}]},{\"@type\":\"BreadcrumbList\",\"@id\":\"https:\/\/fragio6.dreamhosters.com\/fr\/consommateurs\/#breadcrumb\",\"itemListElement\":[{\"@type\":\"ListItem\",\"position\":1,\"name\":\"Home\",\"item\":\"https:\/\/fragio6.dreamhosters.com\/fr\/\"},{\"@type\":\"ListItem\",\"position\":2,\"name\":\"Consommateurs\"}]},{\"@type\":\"WebSite\",\"@id\":\"https:\/\/fragio6.dreamhosters.com\/#website\",\"url\":\"https:\/\/fragio6.dreamhosters.com\/\",\"name\":\"Stingray\",\"description\":\"We\u2019re not just in the game, we\u2019re changing it.\",\"potentialAction\":[{\"@type\":\"SearchAction\",\"target\":{\"@type\":\"EntryPoint\",\"urlTemplate\":\"https:\/\/fragio6.dreamhosters.com\/?s={search_term_string}\"},\"query-input\":\"required name=search_term_string\"}],\"inLanguage\":\"fr-CA\"}]}<\/script>\n<!-- \/ Yoast SEO Premium plugin. -->","yoast_head_json":{"title":"Les produits Stingray - Streaming de musique, karaok\u00e9 et concerts","description":"D\u00e9couvrez la captivante biblioth\u00e8que de musique et de contenu vid\u00e9o en streaming de Stingray. De quoi ravir les go\u00fbts les plus vari\u00e9s.","robots":{"index":"noindex","follow":"follow","max-snippet":"max-snippet:-1","max-image-preview":"max-image-preview:large","max-video-preview":"max-video-preview:-1"},"og_locale":"fr_CA","og_type":"article","og_title":"Consommateurs","og_description":"Watch, listen, sing, and learn: enjoy our craveable catalog of music and video streaming products.","og_url":"https:\/\/fragio6.dreamhosters.com\/fr\/consommateurs\/","og_site_name":"Stingray","article_modified_time":"2024-06-17T20:18:40+00:00","og_image":[{"width":920,"height":520,"url":"https:\/\/fragio6.dreamhosters.com\/wp-content\/uploads\/2024\/03\/social-sharing-stingray.jpg","type":"image\/jpeg"}],"twitter_card":"summary_large_image","twitter_description":"Watch, listen, sing, and learn: enjoy our craveable catalog of music and video streaming products.","twitter_image":"https:\/\/fragio6.dreamhosters.com\/wp-content\/uploads\/2024\/03\/social-sharing-stingray.jpg","schema":{"@context":"https:\/\/schema.org","@graph":[{"@type":"WebPage","@id":"https:\/\/fragio6.dreamhosters.com\/fr\/consommateurs\/","url":"https:\/\/fragio6.dreamhosters.com\/fr\/consommateurs\/","name":"Les produits Stingray - Streaming de musique, karaok\u00e9 et concerts","isPartOf":{"@id":"https:\/\/fragio6.dreamhosters.com\/#website"},"datePublished":"2023-10-02T15:38:46+00:00","dateModified":"2024-06-17T20:18:40+00:00","description":"D\u00e9couvrez la captivante biblioth\u00e8que de musique et de contenu vid\u00e9o en streaming de Stingray. De quoi ravir les go\u00fbts les plus vari\u00e9s.","breadcrumb":{"@id":"https:\/\/fragio6.dreamhosters.com\/fr\/consommateurs\/#breadcrumb"},"inLanguage":"fr-CA","potentialAction":[{"@type":"ReadAction","target":["https:\/\/fragio6.dreamhosters.com\/fr\/consommateurs\/"]}]},{"@type":"BreadcrumbList","@id":"https:\/\/fragio6.dreamhosters.com\/fr\/consommateurs\/#breadcrumb","itemListElement":[{"@type":"ListItem","position":1,"name":"Home","item":"https:\/\/fragio6.dreamhosters.com\/fr\/"},{"@type":"ListItem","position":2,"name":"Consommateurs"}]},{"@type":"WebSite","@id":"https:\/\/fragio6.dreamhosters.com\/#website","url":"https:\/\/fragio6.dreamhosters.com\/","name":"Stingray","description":"We\u2019re not just in the game, we\u2019re changing it.","potentialAction":[{"@type":"SearchAction","target":{"@type":"EntryPoint","urlTemplate":"https:\/\/fragio6.dreamhosters.com\/?s={search_term_string}"},"query-input":"required name=search_term_string"}],"inLanguage":"fr-CA"}]}},"_links":{"self":[{"href":"https:\/\/fragio6.dreamhosters.com\/fr\/wp-json\/wp\/v2\/pages\/3708","targetHints":{"allow":["GET"]}}],"collection":[{"href":"https:\/\/fragio6.dreamhosters.com\/fr\/wp-json\/wp\/v2\/pages"}],"about":[{"href":"https:\/\/fragio6.dreamhosters.com\/fr\/wp-json\/wp\/v2\/types\/page"}],"author":[{"embeddable":true,"href":"https:\/\/fragio6.dreamhosters.com\/fr\/wp-json\/wp\/v2\/users\/2"}],"replies":[{"embeddable":true,"href":"https:\/\/fragio6.dreamhosters.com\/fr\/wp-json\/wp\/v2\/comments?post=3708"}],"version-history":[{"count":2,"href":"https:\/\/fragio6.dreamhosters.com\/fr\/wp-json\/wp\/v2\/pages\/3708\/revisions"}],"predecessor-version":[{"id":4175,"href":"https:\/\/fragio6.dreamhosters.com\/fr\/wp-json\/wp\/v2\/pages\/3708\/revisions\/4175"}],"wp:attachment":[{"href":"https:\/\/fragio6.dreamhosters.com\/fr\/wp-json\/wp\/v2\/media?parent=3708"}],"curies":[{"name":"wp","href":"https:\/\/api.w.org\/{rel}","templated":true}]}}